{"id":2,"date":"2026-02-14T07:47:05","date_gmt":"2026-02-14T07:47:05","guid":{"rendered":"https:\/\/mdecomunicacion.com\/exitalia\/?page_id=2"},"modified":"2026-03-18T19:57:43","modified_gmt":"2026-03-18T19:57:43","slug":"aviso-legal","status":"publish","type":"page","link":"https:\/\/www.exitalia.com\/en\/aviso-legal\/","title":{"rendered":"Aviso legal"},"content":{"rendered":"<div data-elementor-type=\"wp-page\" data-elementor-id=\"2\" class=\"elementor elementor-2\" data-elementor-post-type=\"page\">\n\t\t\t\t<div class=\"elementor-element elementor-element-6c927e43 e-flex e-con-boxed e-con e-parent\" data-id=\"6c927e43\" data-element_type=\"container\" data-e-type=\"container\">\n\t\t\t\t\t<div class=\"e-con-inner\">\n\t\t\t\t<div class=\"elementor-element elementor-element-13eb9483 elementor-widget elementor-widget-text-editor\" data-id=\"13eb9483\" data-element_type=\"widget\" data-e-type=\"widget\" data-widget_type=\"text-editor.default\">\n\t\t\t\t<div class=\"elementor-widget-container\">\n\t\t\t\t\t\t\t\t\t\n<h1><span style=\"text-decoration: underline;\"><strong>AVISO LEGAL<\/strong><\/span><\/h1>\n<p>\u00a0<\/p>\n<p><strong><em>Denominaci\u00f3n Social: EXITALIA DE EVENTOS S.L \u00a0<\/em><\/strong><\/p>\n<p><strong><em>Nombre Comercial:<\/em><\/strong><strong>\u00a0EXITALIA DE EVENTOS S.L<\/strong><\/p>\n<p><strong><em>Domicilio Social:<\/em><\/strong><strong>\u00a0Calle Marqu\u00e9s de Molins 6, 1\u00ba \u2013 02001 \u2013 Albacete<\/strong><\/p>\n<p><strong><em>CIF \/ NIF:<\/em><\/strong>\u00a0<strong>B-02413110<\/strong><\/p>\n<p><strong><em>Phone:\u00a0<\/em><\/strong><strong>967 22 56 87<\/strong><\/p>\n<p><strong>Actividad CNAE<\/strong>: 8230 \u2013 Organizaci\u00f3n de convenciones y ferias de muestras<\/p>\n<p><strong><em>E-Mail:\u00a0<\/em><\/strong><a href=\"mailto:info@exitalia.com\"><strong>info@exitalia.com<\/strong><\/a><\/p>\n<p><strong>P\u00e1gina Web:\u00a0<\/strong><a href=\"http:\/\/www.exitalia.com\/en\/\"><strong>www.exitalia.com<\/strong><\/a><strong>\u00a0\u00a0\u00a0\u00a0\u00a0\u00a0\u00a0\u00a0\u00a0\u00a0\u00a0\u00a0\u00a0\u00a0\u00a0\u00a0\u00a0\u00a0\u00a0\u00a0\u00a0\u00a0\u00a0\u00a0\u00a0\u00a0\u00a0\u00a0\u00a0\u00a0\u00a0\u00a0\u00a0\u00a0\u00a0\u00a0\u00a0\u00a0\u00a0\u00a0\u00a0\u00a0\u00a0\u00a0\u00a0\u00a0\u00a0\u00a0\u00a0\u00a0\u00a0\u00a0\u00a0\u00a0\u00a0\u00a0\u00a0\u00a0\u00a0\u00a0\u00a0\u00a0\u00a0\u00a0\u00a0\u00a0\u00a0\u00a0\u00a0\u00a0\u00a0\u00a0\u00a0\u00a0\u00a0\u00a0\u00a0\u00a0\u00a0\u00a0\u00a0\u00a0\u00a0<\/strong><\/p>\n<p>\u00a0<\/p>\n<p>El presente aviso legal recoge las condiciones generales que rigen el acceso y el uso del sitio web:\u00a0<a href=\"http:\/\/www.exitalia.com\/en\/\">www.exitalia.com<\/a>\u00a0, del que es titular\u00a0\u00a0<strong><em>EXITALIA DE EVENTOS S.L \u00a0<\/em><\/strong>\u00a0con domicilio en C\/ Nueva, 43 Entreplanta, 02002-Albacete.\u00a0 y CIF: B-02413110 Telf.:\u00a0 967 22 56 87 E-mail:\u00a0<a href=\"mailto:info@exitalia.com\">info@exitalia.com<\/a><\/p>\n<p>El acceso y uso del sitio web implica la expresa y plena aceptaci\u00f3n de estas condiciones generales en la versi\u00f3n publicada en el momento en que el usuario acceda al mismo, sin perjuicio de las condiciones particulares que pudieran aplicarse en algunos de los servicios concretos del sitio web.<\/p>\n<p>El usuario acepta que el acceso al presente sitio web y de los contenidos incluidos en el mismo tiene lugar libre y conscientemente, bajo su exclusiva responsabilidad.<\/p>\n<p>Los usuarios acceden al sitio web de forma libre y gratuita, si bien\u00a0<strong><em>EXITALIA DE EVENTOS S.L<\/em><\/strong>. se reserva el derecho de limitar su acceso para determinados contenidos o servicios, exigiendo el registro de sus datos previamente al acceso.<\/p>\n<p><strong><em>EXITALIA DE EVENTOS S.L<\/em><\/strong>\u00a0se reserva el derecho a modificar en cualquier momento la presentaci\u00f3n, configuraci\u00f3n y localizaci\u00f3n del sitio web, as\u00ed como los contenidos, servicios y las condiciones requeridas para utilizar los mismos cuando lo considere oportuno o con la finalidad de adecuarse a los cambios legislativos y tecnol\u00f3gicos futuros. Estas modificaciones ser\u00e1n v\u00e1lidas desde su publicaci\u00f3n en el sitio web.<\/p>\n<p><strong><em>EXITALIA DE EVENTOS S.L\u00a0<\/em><\/strong>se reserva el derecho a interrumpir el acceso al presente sitio web en cualquier momento y sin previo aviso, ya sea por motivos t\u00e9cnicos, de seguridad, de control, de mantenimiento, por fallos de suministro el\u00e9ctrico, o por cualquier otra causa. Dicha interrupci\u00f3n podr\u00e1 tener car\u00e1cter temporal o definitivo, en cuyo caso se comunicar\u00e1 tal circunstancia a los usuarios, quienes podr\u00e1n sufrir la p\u00e9rdida, en su caso, de la informaci\u00f3n almacenada en los distintos servicios, sin dar lugar a indemnizaci\u00f3n alguna.<\/p>\n<p>Con los l\u00edmites establecidos en la ley,\u00a0 no asume ninguna responsabilidad derivada de la falta de veracidad, integridad, actualizaci\u00f3n y precisi\u00f3n de los datos o informaciones que se contienen en sus p\u00e1ginas de Internet.<\/p>\n<p>Los contenidos e informaci\u00f3n no vinculan a\u00a0<strong><em>EXITALIA DE EVENTOS S.L\u00a0<\/em><\/strong>ni constituyen opiniones, consejos o asesoramiento legal de ning\u00fan tipo pues se trata meramente de un servicio ofrecido con car\u00e1cter informativo y divulgativo.<\/p>\n<p>La p\u00e1gina de Internet de\u00a0<strong><em>EXITALIA DE EVENTOS S.L\u00a0<\/em><\/strong>puede\u00a0<a href=\"http:\/\/www.balmtattoo.com\/\">contener\u00a0<\/a>enlaces (links) a otras p\u00e1ginas de terceras partes \u00a0que no puede controlar.<\/p>\n<p>Por lo tanto, no puede asumir responsabilidades por el contenido que pueda aparecer en p\u00e1ginas de terceros.<\/p>\n<p>Los textos, im\u00e1genes, sonidos, animaciones, software y el resto de contenidos incluidos en este website son propiedad exclusiva de<strong><em>\u00a0EXITALIA DE EVENTOS S.L\u00a0<\/em><\/strong>o sus licenciantes. Cualquier acto de transmisi\u00f3n, distribuci\u00f3n, cesi\u00f3n, reproducci\u00f3n, almacenamiento o comunicaci\u00f3n p\u00fablica total o parcial, debe contar con el consentimiento expreso de\u00a0<strong><em>EXITALIA DE EVENTOS S.L\u00a0<\/em><\/strong><\/p>\n<p>Asimismo, para acceder a algunos de los servicios que\u00a0<strong><em>EXITALIA DE EVENTOS S.L<\/em><\/strong><strong><em>\u00a0<\/em><\/strong>ofrece a trav\u00e9s del website deber\u00e1 proporcionar algunos datos de car\u00e1cter personal. En cumplimiento de lo\u00a0 establecido\u00a0 en\u00a0 el\u00a0 Reglamento\u00a0 (UE)\u00a0 2016\/679 del Parlamento Europeo y del Consejo, de 27 de abril de 2016, relativo a la protecci\u00f3n de las personas f\u00edsicas en lo que respecta al tratamiento de datos personales y a la libre circulaci\u00f3n de estos datos le informamos que, mediante la cumplimentaci\u00f3n de los presentes formularios, sus datos personales quedar\u00e1n incorporados y ser\u00e1n tratados en los ficheros de\u00a0<strong><em>EXITALIA DE EVENTOS S.L<\/em><\/strong><strong><em>\u00a0<\/em><\/strong>\u00a0con el fin de poderle prestar y ofrecer nuestros servicios as\u00ed como para informarle de las mejoras del sitio Web. Asimismo, le informamos de la posibilidad de que ejerza los derechos de acceso, rectificaci\u00f3n, cancelaci\u00f3n y oposici\u00f3n de sus datos de car\u00e1cter personal, manera gratuita mediante email a:\u00a0<a href=\"mailto:info@exitalia.xom\"><strong>info@exitalia.xom<\/strong><\/a>\u00a0\u00a0o en la direcci\u00f3n: C\/ Nueva, 43 Entreplanta, 02002-Albacete.<\/p>\n\t\t\t\t\t\t\t\t<\/div>\n\t\t\t\t<\/div>\n\t\t\t\t\t<\/div>\n\t\t\t\t<\/div>\n\t\t\t\t<\/div>","protected":false},"excerpt":{"rendered":"<p>AVISO LEGAL \u00a0 Denominaci\u00f3n Social: EXITALIA DE EVENTOS S.L \u00a0 Nombre Comercial:\u00a0EXITALIA DE EVENTOS S.L Domicilio Social:\u00a0Calle Marqu\u00e9s de Molins 6, 1\u00ba \u2013 02001 \u2013 Albacete CIF \/ NIF:\u00a0B-02413110 Tel\u00e9fono:\u00a0967 22 56 87 Actividad CNAE: 8230 \u2013 Organizaci\u00f3n de convenciones y ferias de muestras E-Mail:\u00a0info@exitalia.com P\u00e1gina Web:\u00a0www.exitalia.com\u00a0\u00a0\u00a0\u00a0\u00a0\u00a0\u00a0\u00a0\u00a0\u00a0\u00a0\u00a0\u00a0\u00a0\u00a0\u00a0\u00a0\u00a0\u00a0\u00a0\u00a0\u00a0\u00a0\u00a0\u00a0\u00a0\u00a0\u00a0\u00a0\u00a0\u00a0\u00a0\u00a0\u00a0\u00a0\u00a0\u00a0\u00a0\u00a0\u00a0\u00a0\u00a0\u00a0\u00a0\u00a0\u00a0\u00a0\u00a0\u00a0\u00a0\u00a0\u00a0\u00a0\u00a0\u00a0\u00a0\u00a0\u00a0\u00a0\u00a0\u00a0\u00a0\u00a0\u00a0\u00a0\u00a0\u00a0\u00a0\u00a0\u00a0\u00a0\u00a0\u00a0\u00a0\u00a0\u00a0\u00a0\u00a0\u00a0\u00a0\u00a0\u00a0\u00a0 \u00a0 El presente aviso legal recoge las condiciones [&hellip;]<\/p>\n","protected":false},"author":1,"featured_media":0,"parent":0,"menu_order":0,"comment_status":"closed","ping_status":"open","template":"","meta":{"footnotes":""},"class_list":["post-2","page","type-page","status-publish","hentry"],"_links":{"self":[{"href":"https:\/\/www.exitalia.com\/en\/wp-json\/wp\/v2\/pages\/2","targetHints":{"allow":["GET"]}}],"collection":[{"href":"https:\/\/www.exitalia.com\/en\/wp-json\/wp\/v2\/pages"}],"about":[{"href":"https:\/\/www.exitalia.com\/en\/wp-json\/wp\/v2\/types\/page"}],"author":[{"embeddable":true,"href":"https:\/\/www.exitalia.com\/en\/wp-json\/wp\/v2\/users\/1"}],"replies":[{"embeddable":true,"href":"https:\/\/www.exitalia.com\/en\/wp-json\/wp\/v2\/comments?post=2"}],"version-history":[{"count":4,"href":"https:\/\/www.exitalia.com\/en\/wp-json\/wp\/v2\/pages\/2\/revisions"}],"predecessor-version":[{"id":8209,"href":"https:\/\/www.exitalia.com\/en\/wp-json\/wp\/v2\/pages\/2\/revisions\/8209"}],"wp:attachment":[{"href":"https:\/\/www.exitalia.com\/en\/wp-json\/wp\/v2\/media?parent=2"}],"curies":[{"name":"wp","href":"https:\/\/api.w.org\/{rel}","templated":true}]}}