{"id":3,"date":"2026-02-14T07:47:05","date_gmt":"2026-02-14T07:47:05","guid":{"rendered":"https:\/\/mdecomunicacion.com\/exitalia\/?page_id=3"},"modified":"2026-03-18T18:52:17","modified_gmt":"2026-03-18T18:52:17","slug":"privacy-policy","status":"publish","type":"page","link":"https:\/\/www.exitalia.com\/en\/privacy-policy\/","title":{"rendered":"Pol\u00edtica de privacidad y cookies"},"content":{"rendered":"<div data-elementor-type=\"wp-page\" data-elementor-id=\"3\" class=\"elementor elementor-3\" data-elementor-post-type=\"page\">\n\t\t\t\t<div class=\"elementor-element elementor-element-448ac953 e-flex e-con-boxed e-con e-parent\" data-id=\"448ac953\" data-element_type=\"container\" data-e-type=\"container\">\n\t\t\t\t\t<div class=\"e-con-inner\">\n\t\t\t\t<div class=\"elementor-element elementor-element-2ade67c5 elementor-widget elementor-widget-text-editor\" data-id=\"2ade67c5\" data-element_type=\"widget\" data-e-type=\"widget\" data-widget_type=\"text-editor.default\">\n\t\t\t\t<div class=\"elementor-widget-container\">\n\t\t\t\t\t\t\t\t\t\n<h2 class=\"wp-block-heading\">Pol\u00edtica de cookies<\/h2>\n<p><strong><em>EXITALIA DE EVENTOS S.L<\/em><\/strong>\u00a0\u00a0informa acerca del uso de las cookies en su p\u00e1gina web:\u00a0<a href=\"http:\/\/www.exitalia.com\/en\/\"><strong>www.exitalia.com<\/strong><\/a><\/p>\n<h2>\u00bfQu\u00e9 son las cookies?<\/h2>\n<p>Las cookies son archivos que se pueden descargar en su equipo a trav\u00e9s de las p\u00e1ginas web. Son herramientas que tienen un papel esencial para la prestaci\u00f3n de numerosos servicios de la sociedad de la informaci\u00f3n. Entre otros, permiten a una p\u00e1gina web almacenar y recuperar informaci\u00f3n sobre los h\u00e1bitos de navegaci\u00f3n de un usuario o de su equipo y, dependiendo de la informaci\u00f3n obtenida, se pueden utilizar para reconocer al usuario y mejorar el servicio ofrecido.<\/p>\n<p>\u00a0<\/p>\n<h2>Tipos de cookies<\/h2>\n<p>Seg\u00fan quien sea la entidad que gestione el dominio desde donde se env\u00edan las cookies y trate los datos que se obtengan se pueden distinguir dos tipos:<\/p>\n<ul>\n<li>Cookies propias: aqu\u00e9llas que se env\u00edan al equipo terminal del usuario desde un equipo o dominio gestionado por el propio editor y desde el que se presta el servicio solicitado por el usuario.<\/li>\n<li>Cookies de terceros: aqu\u00e9llas que se env\u00edan al equipo terminal del usuario desde un equipo o dominio que no es gestionado por el editor, sino por otra entidad que trata los datos obtenidos trav\u00e9s de las cookies.<\/li>\n<\/ul>\n<p>En el caso de que las cookies sean instaladas desde un equipo o dominio gestionado por el propio editor, pero la informaci\u00f3n que se recoja mediante \u00e9stas sea gestionada por un tercero, no pueden ser consideradas como cookies propias.<\/p>\n<p>Existe tambi\u00e9n una segunda clasificaci\u00f3n seg\u00fan el plazo de tiempo que permanecen almacenadas en el navegador del cliente, pudiendo tratarse de:<\/p>\n<ul>\n<li>Cookies de sesi\u00f3n: dise\u00f1adas para recabar y almacenar datos mientras el usuario accede a una p\u00e1gina Se suelen emplear para almacenar informaci\u00f3n que solo interesa conservar para la prestaci\u00f3n del servicio solicitado por el usuario en una sola ocasi\u00f3n (p.e. una lista de productos adquiridos).<\/li>\n<li>Cookies persistentes: los datos siguen almacenados en el terminal y pueden ser accedidos y tratados durante un periodo definido por el responsable de la cookie, y que puede ir de unos minutos a varios a\u00f1os.<\/li>\n<\/ul>\n<p>Por \u00faltimo, existe otra clasificaci\u00f3n con cinco tipos de cookies seg\u00fan la finalidad para la que se traten los datos obtenidos:<\/p>\n<ul>\n<li>Cookies t\u00e9cnicas: aquellas que permiten al usuario la navegaci\u00f3n a trav\u00e9s de una p\u00e1gina web, plataforma o aplicaci\u00f3n y la utilizaci\u00f3n de las diferentes opciones o servicios que en ella existan como, por ejemplo, controlar el tr\u00e1fico y la comunicaci\u00f3n de datos, identificar la sesi\u00f3n, acceder a partes de acceso restringido, recordar los elementos que integran un pedido, realizar el proceso de compra de un pedido, realizar la solicitud de inscripci\u00f3n o participaci\u00f3n en un evento, utilizar elementos de seguridad durante la navegaci\u00f3n, almacenar contenidos para la difusi\u00f3n de v\u00eddeos o sonido o compartir contenidos a trav\u00e9s de redes sociales.<\/li>\n<\/ul>\n<ul>\n<li>Cookies de personalizaci\u00f3n: permiten al usuario acceder al servicio con algunas caracter\u00edsticas de car\u00e1cter general predefinidas en funci\u00f3n de una serie de criterios en el terminal del usuario como por ejemplo serian el idioma, el tipo de navegador a trav\u00e9s del cual accede al servicio, la configuraci\u00f3n regional desde donde accede al servicio, etc.<\/li>\n<li>Cookies de an\u00e1lisis: permiten al responsable de las mismas, el seguimiento y an\u00e1lisis del comportamiento de los usuarios de los sitios web a los que est\u00e1n vinculadas. La informaci\u00f3n recogida mediante este tipo de cookies se utiliza en la medici\u00f3n de la actividad de los sitios web, aplicaci\u00f3n o plataforma y para la elaboraci\u00f3n de perfiles de navegaci\u00f3n de los usuarios de dichos sitios, aplicaciones y plataformas, con el fin de introducir mejoras en funci\u00f3n del an\u00e1lisis de los datos de uso que hacen los usuarios del servicio.<\/li>\n<li>Cookies publicitarias: permiten la gesti\u00f3n, de la forma m\u00e1s eficaz posible, de los espacios publicitarios.<\/li>\n<li>Cookies de publicidad comportamental: almacenan informaci\u00f3n del comportamiento de los usuarios obtenida a trav\u00e9s de la observaci\u00f3n continuada de sus h\u00e1bitos de navegaci\u00f3n, lo que permite desarrollar un perfil espec\u00edfico para mostrar publicidad en funci\u00f3n del mismo.<\/li>\n<li>Cookies de redes sociales externas: se utilizan para que los visitantes puedan interactuar con el contenido de diferentes plataformas sociales (Facebook, YouTube, twitter, LinkedIn, etc..) y que se generen \u00fanicamente para los usuarios de dichas redes Las condiciones de utilizaci\u00f3n de estas cookies y la informaci\u00f3n recopilada se regulan por la pol\u00edtica de privacidad de la plataforma social correspondiente.<\/li>\n<\/ul>\n<p>\u00a0<\/p>\n<h2>Desactivaci\u00f3n y eliminaci\u00f3n de cookies<\/h2>\n<p><strong>\u00a0<\/strong>Tienes la opci\u00f3n de permitir, bloquear o eliminar las cookies instaladas en tu equipo mediante la configuraci\u00f3n de las opciones del navegador instalado en su equipo. Al desactivar cookies, algunos de los servicios disponibles podr\u00edan dejar de estar operativos. La forma de deshabilitar las cookies es diferente para cada navegador, pero normalmente puede hacerse desde el men\u00fa Herramientas u Opciones. Tambi\u00e9n puede consultarse el men\u00fa de Ayuda del navegador d\u00f3nde puedes encontrar instrucciones. El usuario podr\u00e1 en cualquier momento elegir qu\u00e9 cookies quiere que funcionen en este sitio web.<\/p>\n<p>Puede usted permitir, bloquear o eliminar las cookies instaladas en su equipo mediante la configuraci\u00f3n de las opciones del navegador instalado en su ordenador:<\/p>\n<ul>\n<li>Microsoft Internet Explorer o Microsoft Edge:<a href=\"http:\/\/windows.microsoft.com\/es-es\/windows-vista\/Block-or-allow-cookies\">\u00a0http:\/\/windows.microsoft.com\/es-es\/windows-vista\/Block-or-allow-cookies<\/a><\/li>\n<li>Mozilla Firefox:\u00a0<a href=\"http:\/\/support.mozilla.org\/es\/kb\/impedir-que-los-sitios-web-guarden-sus-preferencia\">http:\/\/support.mozilla.org\/es\/kb\/impedir-que-los-sitios-web-guarden-sus-preferencia<\/a><\/li>\n<li>Chrome: https:\/\/support.google.com\/accounts\/answer\/61416?hl=es<\/li>\n<li>Safari:\u00a0<a href=\"http:\/\/safari.helpmax.net\/es\/privacidad-y-seguridad\/como-gestionar-las-cookies\/\">http:\/\/safari.helpmax.net\/es\/privacidad-y-seguridad\/como-gestionar-las-cookies\/<\/a><\/li>\n<li>Opera:\u00a0<a href=\"http:\/\/help.opera.com\/Linux\/10.60\/es-ES\/cookies.html\">http:\/\/help.opera.com\/Linux\/10.60\/es-ES\/cookies.html<\/a><\/li>\n<\/ul>\n<p>Adem\u00e1s, tambi\u00e9n puede gestionar el almac\u00e9n de cookies en su navegador a trav\u00e9s de herramientas como las siguientes:<\/p>\n<ul>\n<li>Ghostery:\u00a0<a href=\"http:\/\/www.ghostery.com\/\">ghostery.com\/<\/a><\/li>\n<li>Your online choices:\u00a0<a href=\"http:\/\/www.youronlinechoices.com\/es\/\">youronlinechoices.com\/es\/<\/a><\/li>\n<\/ul>\n<p>\u00a0<\/p>\n<h2>Cookies utilizadas en\u00a0<a href=\"http:\/\/www.miweb.es\/\">www.miweb.es<\/a><\/h2>\n<p><strong>\u00a0<\/strong>A continuaci\u00f3n, se identifican las cookies que est\u00e1n siendo utilizadas en este portal, as\u00ed como su tipolog\u00eda y funci\u00f3n:<\/p>\n<p>\u00a0<\/p>\n<h2>Aceptaci\u00f3n de la Pol\u00edtica de cookies<\/h2>\n<p><strong>\u00a0<\/strong><a href=\"http:\/\/www.exitalia.com\/en\/\"><strong>www.exitalia.com<\/strong><\/a>\u00a0\u00a0<a href=\"http:\/\/www.miweb.es\/\">\u00a0<\/a>asume que usted acepta el uso de cookies. No obstante, muestra informaci\u00f3n sobre su Pol\u00edtica de cookies en la parte inferior o superior de cualquier p\u00e1gina del portal con cada inicio de sesi\u00f3n con el objeto de que usted sea consciente.<\/p>\n<p>Ante esta informaci\u00f3n es posible llevar a cabo las siguientes acciones:<\/p>\n<ul>\n<li>Aceptar No se volver\u00e1 a visualizar este aviso al acceder a cualquier p\u00e1gina del portal durante la presente sesi\u00f3n.<\/li>\n<li>Se oculta el aviso en la presente p\u00e1gina.<\/li>\n<li>Modificar su configuraci\u00f3n. Podr\u00e1 obtener m\u00e1s informaci\u00f3n sobre qu\u00e9 son las cookies, conocer la Pol\u00edtica de cookies de y modificar la configuraci\u00f3n de su navegador.<\/li>\n<\/ul>\n<p>\u00a0<\/p>\n<hr \/>\n<p>\u00a0<\/p>\n<p>\u00a0<\/p>\n<h2>POLI\u0301TICA DE PRIVACIDAD<\/h2>\n<p><strong><em>EXITALIA DE EVENTOS S.L\u00a0<\/em><\/strong>informa seguidamente de su pol\u00edtica de privacidad aplicada a los datos personales. De esta manera, todos los datos personales que tenga bajo su responsabilidad ser\u00e1n tratados de acuerdo con el Reglamento (UE) 2016\/679, del Parlamento Europeo y del Consejo, de 27 de abril de 2016, de Protecci\u00f3n de Datos de Car\u00e1cter Personal y se guardar\u00e1n las debidas medidas de seguridad y confidencialidad de los mismos.<\/p>\n<p>La visita del sitio web:\u00a0<strong>:\u00a0<\/strong><a href=\"http:\/\/www.exitalia.com\/en\/\"><strong>www.exitalia.com<\/strong><\/a>\u00a0 no implica que el usuario deba suministrar informaci\u00f3n alguna respecto a su identidad, no pudiendo ser asociada a un usuario concreto por la empresa. En el supuesto que se suministre datos de car\u00e1cter de\u00a0personal, estos datos ser\u00e1n recogidos y utilizados conforme a las limitaciones y los derechos recogidos en la citada norma de protecci\u00f3n de datos.<\/p>\n<p>Los usuarios que faciliten datos de car\u00e1cter personal consienten de forma clara, exacta e inequ\u00edvoca las presentes condiciones.<\/p>\n<ol>\n<li><strong>Recogida de datos.<\/strong><\/li>\n<\/ol>\n<p>La recogida de datos de car\u00e1cter personal se realizar\u00e1 \u00fanica y exclusivamente a trav\u00e9s del formulario de contacto publicado en la web y de los correos electr\u00f3nicos que los usuarios puedan remitir\u00a0a\u00a0<strong><em>EXITALIA DE EVENTOS S.L\u00a0<\/em><\/strong>que ser\u00e1n incluidos en un fichero automatizado.<\/p>\n<p>Los ficheros titularidad de\u00a0<strong><em>EXITALIA DE EVENTOS S.L<\/em><\/strong>\u00a0figuran inscritos en el Registro General de la Agencia Espa\u00f1ola de Protecci\u00f3n de Datos, al que podr\u00e1 acceder el usuario o visitante para comprobar la situaci\u00f3n de aquellos.<\/p>\n<p><strong><em>EXITALIA DE EVENTOS S.L\u00a0<\/em><\/strong>conservar\u00e1 sus datos una vez finalizada la relaci\u00f3n con el usuario para cumplir las obligaciones legales necesarias. A su vez, proceder\u00e1 a la cancelaci\u00f3n de los datos recogidos cuando dejen de ser necesarios para la finalidad para la que fueron recabados.<\/p>\n<ol start=\"2\">\n<li><strong>Seguridad de la informaci\u00f3n.<\/strong><\/li>\n<\/ol>\n<p><strong><em>EXITALIA DE EVENTOS S.L<\/em><\/strong>\u00a0ha desarrollado todos los sistemas y medidas t\u00e9cnicas y organizativas a su alcance, previstas en la normativa de protecci\u00f3n de datos de car\u00e1cter personal para evitar la p\u00e9rdida, mal uso, alteraci\u00f3n, acceso no autorizado y sustracci\u00f3n de los datos de car\u00e1cter personal facilitados por el usuario o visitante.<\/p>\n<p>No obstante, el usuario o visitante debe ser consciente de que las medidas de seguridad en Internet no son inexpugnables.<\/p>\n<ol start=\"3\">\n<li><strong>Confidencialidad y Secreto profesional.<\/strong><\/li>\n<\/ol>\n<p>Las comunicaciones privadas que pudieran darse entre el personal de,\u00a0<strong><em>EXITALIA DE EVENTOS S.L<\/em><\/strong>. y los usuarios o visitantes ser\u00e1n consideradas como confidenciales. El acceso a esta informaci\u00f3n est\u00e1 restringido mediante herramientas tecnol\u00f3gicas y mediante estrictos controles internos.<\/p>\n<ol start=\"4\">\n<li><strong>Enlaces con otros sitios web.<\/strong><\/li>\n<\/ol>\n<p>El presente sitio web puede contener enlaces o links con otros sitios. Se informa que\u00a0<strong><em>EXITALIA DE EVENTOS S.L\u00a0<\/em><\/strong>no dispone de control alguno ni ostenta responsabilidad alguna sobre las pol\u00edticas o medidas de protecci\u00f3n de datos de otros sitios web.<\/p>\n<ol start=\"5\">\n<li><strong>Derechos de los usuarios.<\/strong><\/li>\n<\/ol>\n<p>El usuario podr\u00e1 ejercitar, respecto a los datos recabados en la forma prevista, los derechos reconocidos por el Reglamento (UE) 2016\/679, del Parlamento Europeo y del Consejo, de 27 de abril de 2016, de Protecci\u00f3n de Datos de Car\u00e1cter Personal y en particular los derechos de acceso, rectificaci\u00f3n o cancelaci\u00f3n de datos y oposici\u00f3n.<\/p>\n<p>Podr\u00e1 ejercer sus derechos, mediante solicitud remitida por correo ordinario, firmado y acompa\u00f1ado de fotocopia del D.N.I., a la direcci\u00f3n de la sede de<strong><em>\u00a0EXITALIA DE EVENTOS S.L<\/em><\/strong>\u00a0arriba indicada.<\/p>\n<p><strong><em>EXITALIA DE EVENTOS S.L\u00a0<\/em><\/strong>informa que los datos personales recabados, cuando hayan dejado de ser necesarios o pertinentes para la finalidad para la cual fueron recogidos, ser\u00e1n cancelados conforme establece la normativa de protecci\u00f3n de datos de car\u00e1cter personal.<\/p>\t\t\t\t\t\t\t\t<\/div>\n\t\t\t\t<\/div>\n\t\t\t\t\t<\/div>\n\t\t\t\t<\/div>\n\t\t\t\t<\/div>","protected":false},"excerpt":{"rendered":"<p>Pol\u00edtica de cookies EXITALIA DE EVENTOS S.L\u00a0\u00a0informa acerca del uso de las cookies en su p\u00e1gina web:\u00a0www.exitalia.com \u00bfQu\u00e9 son las cookies? Las cookies son archivos que se pueden descargar en su equipo a trav\u00e9s de las p\u00e1ginas web. Son herramientas que tienen un papel esencial para la prestaci\u00f3n de numerosos servicios de la sociedad de [&hellip;]<\/p>\n","protected":false},"author":1,"featured_media":0,"parent":0,"menu_order":0,"comment_status":"closed","ping_status":"open","template":"","meta":{"footnotes":""},"class_list":["post-3","page","type-page","status-publish","hentry"],"_links":{"self":[{"href":"https:\/\/www.exitalia.com\/en\/wp-json\/wp\/v2\/pages\/3","targetHints":{"allow":["GET"]}}],"collection":[{"href":"https:\/\/www.exitalia.com\/en\/wp-json\/wp\/v2\/pages"}],"about":[{"href":"https:\/\/www.exitalia.com\/en\/wp-json\/wp\/v2\/types\/page"}],"author":[{"embeddable":true,"href":"https:\/\/www.exitalia.com\/en\/wp-json\/wp\/v2\/users\/1"}],"replies":[{"embeddable":true,"href":"https:\/\/www.exitalia.com\/en\/wp-json\/wp\/v2\/comments?post=3"}],"version-history":[{"count":5,"href":"https:\/\/www.exitalia.com\/en\/wp-json\/wp\/v2\/pages\/3\/revisions"}],"predecessor-version":[{"id":8188,"href":"https:\/\/www.exitalia.com\/en\/wp-json\/wp\/v2\/pages\/3\/revisions\/8188"}],"wp:attachment":[{"href":"https:\/\/www.exitalia.com\/en\/wp-json\/wp\/v2\/media?parent=3"}],"curies":[{"name":"wp","href":"https:\/\/api.w.org\/{rel}","templated":true}]}}