{"id":8216,"date":"2026-03-18T20:00:31","date_gmt":"2026-03-18T20:00:31","guid":{"rendered":"https:\/\/mdecomunicacion.com\/exitalia\/?page_id=8216"},"modified":"2026-05-08T08:40:07","modified_gmt":"2026-05-08T08:40:07","slug":"servicios","status":"publish","type":"page","link":"https:\/\/www.exitalia.com\/en\/servicios\/","title":{"rendered":"SERVICES"},"content":{"rendered":"<div data-elementor-type=\"wp-page\" data-elementor-id=\"8216\" class=\"elementor elementor-8216\" data-elementor-post-type=\"page\">\n\t\t\t\t<div class=\"elementor-element elementor-element-235fb0e e-con-full e-flex e-con e-parent\" data-id=\"235fb0e\" data-element_type=\"container\" data-e-type=\"container\" data-settings=\"{&quot;background_background&quot;:&quot;classic&quot;}\">\n\t\t<div class=\"elementor-element elementor-element-b0d3acf e-con-full e-flex e-con e-child\" data-id=\"b0d3acf\" data-element_type=\"container\" data-e-type=\"container\">\n\t\t<div class=\"elementor-element elementor-element-4e98c36 e-con-full e-flex e-con e-child\" data-id=\"4e98c36\" data-element_type=\"container\" data-e-type=\"container\">\n\t\t<div class=\"elementor-element elementor-element-1d7ba45 e-con-full e-flex e-con e-child\" data-id=\"1d7ba45\" data-element_type=\"container\" data-e-type=\"container\">\n\t\t\t\t<div class=\"elementor-element elementor-element-4c543c6 elementor-widget__width-initial elementor-widget elementor-widget-heading\" data-id=\"4c543c6\" data-element_type=\"widget\" data-e-type=\"widget\" data-widget_type=\"heading.default\">\n\t\t\t\t<div class=\"elementor-widget-container\">\n\t\t\t\t\t<h1 class=\"elementor-heading-title elementor-size-default\">Nuestros servicios<\/h1>\t\t\t\t<\/div>\n\t\t\t\t<\/div>\n\t\t\t\t<\/div>\n\t\t<div class=\"elementor-element elementor-element-9db9f67 e-con-full e-flex e-con e-child\" data-id=\"9db9f67\" data-element_type=\"container\" data-e-type=\"container\">\n\t\t\t\t<div class=\"elementor-element elementor-element-f73a1b8 elementor-widget__width-initial elementor-widget elementor-widget-text-editor\" data-id=\"f73a1b8\" data-element_type=\"widget\" data-e-type=\"widget\" data-widget_type=\"text-editor.default\">\n\t\t\t\t<div class=\"elementor-widget-container\">\n\t\t\t\t\t\t\t\t\t<p>A continuaci\u00f3n, te presentamos nuestros servicios para ayudarte a posicionar tu marca, abrir nuevos mercados y maximizar el impacto de tus acciones comerciales.<\/p>\t\t\t\t\t\t\t\t<\/div>\n\t\t\t\t<\/div>\n\t\t\t\t<\/div>\n\t\t\t\t<\/div>\n\t\t\t\t<div class=\"elementor-element elementor-element-46eabe5 elementor-widget-divider--view-line elementor-widget elementor-widget-divider\" data-id=\"46eabe5\" data-element_type=\"widget\" data-e-type=\"widget\" data-widget_type=\"divider.default\">\n\t\t\t\t<div class=\"elementor-widget-container\">\n\t\t\t\t\t\t\t<div class=\"elementor-divider\">\n\t\t\t<span class=\"elementor-divider-separator\">\n\t\t\t\t\t\t<\/span>\n\t\t<\/div>\n\t\t\t\t\t\t<\/div>\n\t\t\t\t<\/div>\n\t\t\t\t<\/div>\n\t\t\t\t<\/div>\n\t\t<div class=\"elementor-element elementor-element-91f88d1 e-con-full back e-flex e-con e-parent\" data-id=\"91f88d1\" data-element_type=\"container\" data-e-type=\"container\" data-settings=\"{&quot;background_background&quot;:&quot;classic&quot;}\">\n\t\t<div class=\"elementor-element elementor-element-eaa2ad9 e-con-full e-flex e-con e-child\" data-id=\"eaa2ad9\" data-element_type=\"container\" data-e-type=\"container\">\n\t\t<div class=\"elementor-element elementor-element-26fdc1b e-con-full e-flex e-con e-child\" data-id=\"26fdc1b\" data-element_type=\"container\" data-e-type=\"container\">\n\t\t<div class=\"elementor-element elementor-element-0c8cb83 e-con-full tarjeta e-flex e-con e-child\" data-id=\"0c8cb83\" data-element_type=\"container\" data-e-type=\"container\" data-settings=\"{&quot;background_background&quot;:&quot;classic&quot;}\">\n\t\t<div class=\"elementor-element elementor-element-30661bb e-con-full e-flex e-con e-child\" data-id=\"30661bb\" data-element_type=\"container\" data-e-type=\"container\">\n\t\t\t\t<div class=\"elementor-element elementor-element-1ba7308 elementor-widget__width-initial texto elementor-widget elementor-widget-heading\" data-id=\"1ba7308\" data-element_type=\"widget\" data-e-type=\"widget\" data-widget_type=\"heading.default\">\n\t\t\t\t<div class=\"elementor-widget-container\">\n\t\t\t\t\t<h3 class=\"elementor-heading-title elementor-size-default\">Consultor\u00eda de gesti\u00f3n integral ISV (antes OCM) <\/h3>\t\t\t\t<\/div>\n\t\t\t\t<\/div>\n\t\t\t\t<\/div>\n\t\t<div class=\"elementor-element elementor-element-02e2cd6 e-con-full e-flex e-con e-child\" data-id=\"02e2cd6\" data-element_type=\"container\" data-e-type=\"container\">\n\t\t\t\t<div class=\"elementor-element elementor-element-399e955 texto elementor-widget__width-initial elementor-widget elementor-widget-text-editor\" data-id=\"399e955\" data-element_type=\"widget\" data-e-type=\"widget\" data-widget_type=\"text-editor.default\">\n\t\t\t\t<div class=\"elementor-widget-container\">\n\t\t\t\t\t\t\t\t\t<p><span style=\"font-weight: 400;\">Servicio integral de direcci\u00f3n estrat\u00e9gica y gesti\u00f3n t\u00e9cnica del programa ISV. <\/span><span style=\"font-weight: 400;\">Coordinamos a los 8 stakeholders ( CEO, CFO, Export, administraci\u00f3n, MRK, Importadores, Agentes y funcionarios) implicados en el proyecto, garantizando:<\/span><\/p>\n<ul>\n<li style=\"font-weight: 400;\" aria-level=\"1\"><span style=\"font-weight: 400;\">Alineaci\u00f3n con la estrategia internacional de la bodega<\/span><\/li>\n<li style=\"font-weight: 400;\" aria-level=\"1\"><span style=\"font-weight: 400;\">Control econ\u00f3mico total<\/span><\/li>\n<li style=\"font-weight: 400;\" aria-level=\"1\"><span style=\"font-weight: 400;\">Cumplimiento normativo (compliance)<\/span><\/li>\n<li style=\"font-weight: 400;\" aria-level=\"1\"><span style=\"font-weight: 400;\">Ejecuci\u00f3n correcta en destino<\/span><\/li>\n<li style=\"font-weight: 400;\" aria-level=\"1\"><span style=\"font-weight: 400;\">Justificaci\u00f3n y cobro sin incidencias<\/span><\/li>\n<\/ul>\n<p><span style=\"font-weight: 400;\">Actuamos como un \u00fanico interlocutor y gerente global del proyecto.<\/span><\/p>\t\t\t\t\t\t\t\t<\/div>\n\t\t\t\t<\/div>\n\t\t\t\t<div class=\"elementor-element elementor-element-93de055 elementor-mobile-align-center elementor-widget elementor-widget-button\" data-id=\"93de055\" data-element_type=\"widget\" data-e-type=\"widget\" data-widget_type=\"button.default\">\n\t\t\t\t<div class=\"elementor-widget-container\">\n\t\t\t\t\t\t\t\t\t<div class=\"elementor-button-wrapper\">\n\t\t\t\t\t<a class=\"elementor-button elementor-button-link elementor-size-sm\" href=\"https:\/\/www.exitalia.com\/en\/ocm\/\">\n\t\t\t\t\t\t<span class=\"elementor-button-content-wrapper\">\n\t\t\t\t\t\t\t\t\t<span class=\"elementor-button-text\">M\u00e1s info<\/span>\n\t\t\t\t\t<\/span>\n\t\t\t\t\t<\/a>\n\t\t\t\t<\/div>\n\t\t\t\t\t\t\t\t<\/div>\n\t\t\t\t<\/div>\n\t\t\t\t<\/div>\n\t\t\t\t<\/div>\n\t\t\t\t<\/div>\n\t\t<div class=\"elementor-element elementor-element-93bb30e e-con-full e-flex e-con e-child\" data-id=\"93bb30e\" data-element_type=\"container\" data-e-type=\"container\">\n\t\t<div class=\"elementor-element elementor-element-d159b46 e-con-full tarjeta e-flex e-con e-child\" data-id=\"d159b46\" data-element_type=\"container\" data-e-type=\"container\" data-settings=\"{&quot;background_background&quot;:&quot;classic&quot;}\">\n\t\t<div class=\"elementor-element elementor-element-a79492e e-con-full e-flex e-con e-child\" data-id=\"a79492e\" data-element_type=\"container\" data-e-type=\"container\">\n\t\t\t\t<div class=\"elementor-element elementor-element-ee10d23 elementor-widget__width-initial texto elementor-widget elementor-widget-heading\" data-id=\"ee10d23\" data-element_type=\"widget\" data-e-type=\"widget\" data-widget_type=\"heading.default\">\n\t\t\t\t<div class=\"elementor-widget-container\">\n\t\t\t\t\t<h3 class=\"elementor-heading-title elementor-size-default\">Relaciones P\u00fablicas y Marketing Internacional<\/h3>\t\t\t\t<\/div>\n\t\t\t\t<\/div>\n\t\t\t\t<\/div>\n\t\t<div class=\"elementor-element elementor-element-4609340 e-con-full elementor-hidden-mobile e-flex e-con e-child\" data-id=\"4609340\" data-element_type=\"container\" data-e-type=\"container\">\n\t\t\t\t<div class=\"elementor-element elementor-element-5937b1f texto elementor-widget elementor-widget-text-editor\" data-id=\"5937b1f\" data-element_type=\"widget\" data-e-type=\"widget\" data-widget_type=\"text-editor.default\">\n\t\t\t\t<div class=\"elementor-widget-container\">\n\t\t\t\t\t\t\t\t\t<p><span style=\"font-weight: 400;\">Dise\u00f1amos<strong> estrategias de comunicaci\u00f3n que conectan cada vino con su p\u00fablico objetivo<\/strong>: importadores, distribuidores, prescriptores y medios especializados.<\/span><\/p><p><span style=\"font-weight: 400;\">Incluye:<\/span><\/p><ul><li style=\"font-weight: 400;\" aria-level=\"1\">An\u00e1lisis, diagn\u00f3stico e identificaci\u00f3n de objetivos.<\/li><li style=\"font-weight: 400;\" aria-level=\"1\"><span style=\"font-weight: 400;\">Estrategia y posicionamiento internacional<\/span><\/li><li style=\"font-weight: 400;\" aria-level=\"1\"><span style=\"font-weight: 400;\">Storytelling y elaboraci\u00f3n de press kit<\/span><\/li><li style=\"font-weight: 400;\" aria-level=\"1\"><span style=\"font-weight: 400;\">Gesti\u00f3n de concursos y puntuaciones ( Decanter, Falstaff, Jeb Dunnuck, Tim Atkin&#8230;)<\/span><\/li><li style=\"font-weight: 400;\" aria-level=\"1\"><span style=\"font-weight: 400;\">Relaciones p\u00fablicas y l\u00edderes de opini\u00f3n<\/span><\/li><li style=\"font-weight: 400;\" aria-level=\"1\"><span style=\"font-weight: 400;\">Kit de comunicaci\u00f3n para difusi\u00f3n de resultados ( resumen de vinos premiados, notas de prensa y email marketing para clientes y proveedores)<\/span><\/li><li style=\"font-weight: 400;\" aria-level=\"1\"><span style=\"font-weight: 400;\">Press clipping y an\u00e1lisis de impacto<\/span><span style=\"font-weight: 400;\"><br \/><\/span><\/li><\/ul><div>\u00a0<\/div><p><span style=\"font-weight: 400;\">Porque comunicar bien no es solo aparecer: es ser relevante en los mercados que importan.<\/span><\/p>\t\t\t\t\t\t\t\t<\/div>\n\t\t\t\t<\/div>\n\t\t\t\t<\/div>\n\t\t<div class=\"elementor-element elementor-element-2b79d97 e-con-full elementor-hidden-desktop elementor-hidden-tablet e-flex e-con e-child\" data-id=\"2b79d97\" data-element_type=\"container\" data-e-type=\"container\">\n\t\t\t\t<div class=\"elementor-element elementor-element-6771740 texto elementor-widget elementor-widget-text-editor\" data-id=\"6771740\" data-element_type=\"widget\" data-e-type=\"widget\" data-widget_type=\"text-editor.default\">\n\t\t\t\t<div class=\"elementor-widget-container\">\n\t\t\t\t\t\t\t\t\t<div>Dise\u00f1amos estrategias de comunicaci\u00f3n que conectan cada vino con su p\u00fablico objetivo: importadores, distribuidores, prescriptores y medios especializados.<\/div>\n<br>\n<ul>\n \t<li>An\u00e1lisis, diagn\u00f3stico y estrategia de posicionamiento internacional<\/li>\n \t<li>Storytelling, press kit y gesti\u00f3n de concursos y puntuaciones<\/li>\n \t<li>Relaciones p\u00fablicas, l\u00edderes de opini\u00f3n y kit de difusi\u00f3n de resultados<\/li>\n \t<li>Press clipping y an\u00e1lisis de impacto<\/li>\n<\/ul>\t\t\t\t\t\t\t\t<\/div>\n\t\t\t\t<\/div>\n\t\t\t\t<\/div>\n\t\t\t\t<\/div>\n\t\t<div class=\"elementor-element elementor-element-d421ea9 e-con-full tarjeta e-flex e-con e-child\" data-id=\"d421ea9\" data-element_type=\"container\" data-e-type=\"container\" data-settings=\"{&quot;background_background&quot;:&quot;classic&quot;}\">\n\t\t<div class=\"elementor-element elementor-element-43f29a4 e-con-full e-flex e-con e-child\" data-id=\"43f29a4\" data-element_type=\"container\" data-e-type=\"container\">\n\t\t\t\t<div class=\"elementor-element elementor-element-9a3fa4a elementor-widget__width-initial texto elementor-widget elementor-widget-heading\" data-id=\"9a3fa4a\" data-element_type=\"widget\" data-e-type=\"widget\" data-widget_type=\"heading.default\">\n\t\t\t\t<div class=\"elementor-widget-container\">\n\t\t\t\t\t<h3 class=\"elementor-heading-title elementor-size-default\">Eventos de promoci\u00f3n en el pa\u00eds de destino<\/h3>\t\t\t\t<\/div>\n\t\t\t\t<\/div>\n\t\t\t\t<\/div>\n\t\t<div class=\"elementor-element elementor-element-8b45d02 e-con-full elementor-hidden-mobile e-flex e-con e-child\" data-id=\"8b45d02\" data-element_type=\"container\" data-e-type=\"container\">\n\t\t\t\t<div class=\"elementor-element elementor-element-185df16 texto elementor-widget elementor-widget-text-editor\" data-id=\"185df16\" data-element_type=\"widget\" data-e-type=\"widget\" data-widget_type=\"text-editor.default\">\n\t\t\t\t<div class=\"elementor-widget-container\">\n\t\t\t\t\t\t\t\t\t<p>Dise\u00f1amos y ejecutamos <strong>experiencias estrat\u00e9gicas<\/strong> en mercados clave para posicionar vinos y bodegas ante importadores, prescriptores y profesionales del sector.\u00a0<\/p><p>Incluye:\u00a0<\/p><ul><li>Eventos en destino \/ roadshow para bodegas y D.O.s<\/li><li>Misiones inversas con compradores e importadores , o mixtas seg\u00fan objetivos<\/li><li>Viajes de prensa con prescriptores de la industria del vino\u00a0<\/li><li>SOMM CAMP &#8211; en colaboraci\u00f3n con The SOMM Journal (EE.UU.), misi\u00f3n inversa de compradores y sumilleres\u00a0<\/li><li>Uncorking Spain &#8211; proyecto exclusivo de Exitalia, misi\u00f3n inversa premium con prescriptores internacionales<\/li><\/ul><p>\u00a0<\/p><p>Porque una experiencia bien dise\u00f1ada no solo presenta un vino: <strong>lo posiciona, lo diferencia y impulsa su desarrollo en mercados internacionales.<\/strong><\/p>\t\t\t\t\t\t\t\t<\/div>\n\t\t\t\t<\/div>\n\t\t\t\t<div class=\"elementor-element elementor-element-7fd91d9 elementor-mobile-align-center elementor-widget elementor-widget-button\" data-id=\"7fd91d9\" data-element_type=\"widget\" data-e-type=\"widget\" data-widget_type=\"button.default\">\n\t\t\t\t<div class=\"elementor-widget-container\">\n\t\t\t\t\t\t\t\t\t<div class=\"elementor-button-wrapper\">\n\t\t\t\t\t<a class=\"elementor-button elementor-button-link elementor-size-sm\" href=\"https:\/\/www.exitalia.com\/en\/casos-de-exito\/\">\n\t\t\t\t\t\t<span class=\"elementor-button-content-wrapper\">\n\t\t\t\t\t\t\t\t\t<span class=\"elementor-button-text\">Casos de \u00e9xito<\/span>\n\t\t\t\t\t<\/span>\n\t\t\t\t\t<\/a>\n\t\t\t\t<\/div>\n\t\t\t\t\t\t\t\t<\/div>\n\t\t\t\t<\/div>\n\t\t\t\t<\/div>\n\t\t<div class=\"elementor-element elementor-element-7d8be0a e-con-full elementor-hidden-desktop elementor-hidden-tablet e-flex e-con e-child\" data-id=\"7d8be0a\" data-element_type=\"container\" data-e-type=\"container\">\n\t\t\t\t<div class=\"elementor-element elementor-element-e832650 texto elementor-widget elementor-widget-text-editor\" data-id=\"e832650\" data-element_type=\"widget\" data-e-type=\"widget\" data-widget_type=\"text-editor.default\">\n\t\t\t\t<div class=\"elementor-widget-container\">\n\t\t\t\t\t\t\t\t\t<div>Dise\u00f1amos y ejecutamos experiencias estrat\u00e9gicas en mercados clave para posicionar vinos y bodegas ante importadores, prescriptores y profesionales del sector.<\/div>\n<br>\n<ul>\n \t<li>Eventos en destino para bodegas y D.O.s<\/li>\n \t<li>Misiones inversas con compradores, importadores y prensa<\/li>\n \t<li>SOMM CAMP \u2013 con The SOMM Journal (EE.UU.)<\/li>\n \t<li>Uncorking Spain \u2013 proyecto exclusivo de Exitalia, misi\u00f3n inversa premium internacional<\/li>\n<\/ul>\t\t\t\t\t\t\t\t<\/div>\n\t\t\t\t<\/div>\n\t\t\t\t<div class=\"elementor-element elementor-element-a80414d elementor-mobile-align-left elementor-widget elementor-widget-button\" data-id=\"a80414d\" data-element_type=\"widget\" data-e-type=\"widget\" data-widget_type=\"button.default\">\n\t\t\t\t<div class=\"elementor-widget-container\">\n\t\t\t\t\t\t\t\t\t<div class=\"elementor-button-wrapper\">\n\t\t\t\t\t<a class=\"elementor-button elementor-button-link elementor-size-sm\" href=\"https:\/\/www.exitalia.com\/en\/casos-de-exito\/\">\n\t\t\t\t\t\t<span class=\"elementor-button-content-wrapper\">\n\t\t\t\t\t\t\t\t\t<span class=\"elementor-button-text\">Casos de \u00e9xito<\/span>\n\t\t\t\t\t<\/span>\n\t\t\t\t\t<\/a>\n\t\t\t\t<\/div>\n\t\t\t\t\t\t\t\t<\/div>\n\t\t\t\t<\/div>\n\t\t\t\t<\/div>\n\t\t\t\t<\/div>\n\t\t\t\t<\/div>\n\t\t\t\t<\/div>\n\t\t\t\t<\/div>\n\t\t<div class=\"elementor-element elementor-element-e65ded0 e-flex e-con-boxed e-con e-parent\" data-id=\"e65ded0\" data-element_type=\"container\" data-e-type=\"container\" data-settings=\"{&quot;background_background&quot;:&quot;classic&quot;}\">\n\t\t\t\t\t<div class=\"e-con-inner\">\n\t\t\t\t<div class=\"elementor-element elementor-element-62d7c60 elementor-widget elementor-widget-spacer\" data-id=\"62d7c60\" data-element_type=\"widget\" data-e-type=\"widget\" data-widget_type=\"spacer.default\">\n\t\t\t\t<div class=\"elementor-widget-container\">\n\t\t\t\t\t\t\t<div class=\"elementor-spacer\">\n\t\t\t<div class=\"elementor-spacer-inner\"><\/div>\n\t\t<\/div>\n\t\t\t\t\t\t<\/div>\n\t\t\t\t<\/div>\n\t\t\t\t\t<\/div>\n\t\t\t\t<\/div>\n\t\t<div class=\"elementor-element elementor-element-31c49fc2 e-con-full e-flex e-con e-parent\" data-id=\"31c49fc2\" data-element_type=\"container\" data-e-type=\"container\">\n\t\t\t\t<div class=\"elementor-element elementor-element-3905565f elementor-widget elementor-widget-image-carousel\" data-id=\"3905565f\" data-element_type=\"widget\" data-e-type=\"widget\" data-settings=\"{&quot;slides_to_show&quot;:&quot;7&quot;,&quot;slides_to_scroll&quot;:&quot;7&quot;,&quot;navigation&quot;:&quot;none&quot;,&quot;lazyload&quot;:&quot;yes&quot;,&quot;image_spacing_custom&quot;:{&quot;unit&quot;:&quot;px&quot;,&quot;size&quot;:45,&quot;sizes&quot;:[]},&quot;slides_to_show_mobile&quot;:&quot;3&quot;,&quot;slides_to_scroll_mobile&quot;:&quot;3&quot;,&quot;autoplay_speed&quot;:4000,&quot;autoplay&quot;:&quot;yes&quot;,&quot;infinite&quot;:&quot;yes&quot;,&quot;speed&quot;:500,&quot;image_spacing_custom_tablet&quot;:{&quot;unit&quot;:&quot;px&quot;,&quot;size&quot;:&quot;&quot;,&quot;sizes&quot;:[]},&quot;image_spacing_custom_mobile&quot;:{&quot;unit&quot;:&quot;px&quot;,&quot;size&quot;:&quot;&quot;,&quot;sizes&quot;:[]}}\" data-widget_type=\"image-carousel.default\">\n\t\t\t\t<div class=\"elementor-widget-container\">\n\t\t\t\t\t\t\t<div class=\"elementor-image-carousel-wrapper swiper\" role=\"region\" aria-roledescription=\"carousel\" aria-label=\"Carrusel de im\u00e1genes\" dir=\"ltr\">\n\t\t\t<div class=\"elementor-image-carousel swiper-wrapper\" aria-live=\"off\">\n\t\t\t\t\t\t\t\t<div class=\"swiper-slide\" role=\"group\" aria-roledescription=\"slide\" aria-label=\"1 de 19\"><figure class=\"swiper-slide-inner\"><img class=\"swiper-slide-image swiper-lazy\" data-src=\"https:\/\/www.exitalia.com\/wp-content\/uploads\/2026\/04\/1-1.jpg\" alt=\"1\" \/><div class=\"swiper-lazy-preloader\"><\/div><\/figure><\/div><div class=\"swiper-slide\" role=\"group\" aria-roledescription=\"slide\" aria-label=\"2 de 19\"><figure class=\"swiper-slide-inner\"><img class=\"swiper-slide-image swiper-lazy\" data-src=\"https:\/\/www.exitalia.com\/wp-content\/uploads\/2026\/04\/5.jpg\" alt=\"5\" \/><div class=\"swiper-lazy-preloader\"><\/div><\/figure><\/div><div class=\"swiper-slide\" role=\"group\" aria-roledescription=\"slide\" aria-label=\"3 de 19\"><figure class=\"swiper-slide-inner\"><img class=\"swiper-slide-image swiper-lazy\" data-src=\"https:\/\/www.exitalia.com\/wp-content\/uploads\/2026\/04\/2-1.jpg\" alt=\"2\" \/><div class=\"swiper-lazy-preloader\"><\/div><\/figure><\/div><div class=\"swiper-slide\" role=\"group\" aria-roledescription=\"slide\" aria-label=\"4 de 19\"><figure class=\"swiper-slide-inner\"><img class=\"swiper-slide-image swiper-lazy\" data-src=\"https:\/\/www.exitalia.com\/wp-content\/uploads\/2026\/04\/LOGOS-BN-350350.jpg\" alt=\"LOGOS B&amp;N 350350\" \/><div class=\"swiper-lazy-preloader\"><\/div><\/figure><\/div><div class=\"swiper-slide\" role=\"group\" aria-roledescription=\"slide\" aria-label=\"5 de 19\"><figure class=\"swiper-slide-inner\"><img class=\"swiper-slide-image swiper-lazy\" data-src=\"https:\/\/www.exitalia.com\/wp-content\/uploads\/2026\/04\/9.jpg\" alt=\"9\" \/><div class=\"swiper-lazy-preloader\"><\/div><\/figure><\/div><div class=\"swiper-slide\" role=\"group\" aria-roledescription=\"slide\" aria-label=\"6 de 19\"><figure class=\"swiper-slide-inner\"><img class=\"swiper-slide-image swiper-lazy\" data-src=\"https:\/\/www.exitalia.com\/wp-content\/uploads\/2026\/04\/4-1.jpg\" alt=\"4\" \/><div class=\"swiper-lazy-preloader\"><\/div><\/figure><\/div><div class=\"swiper-slide\" role=\"group\" aria-roledescription=\"slide\" aria-label=\"7 de 19\"><figure class=\"swiper-slide-inner\"><img class=\"swiper-slide-image swiper-lazy\" data-src=\"https:\/\/www.exitalia.com\/wp-content\/uploads\/2026\/04\/7.jpg\" alt=\"7\" \/><div class=\"swiper-lazy-preloader\"><\/div><\/figure><\/div><div class=\"swiper-slide\" role=\"group\" aria-roledescription=\"slide\" aria-label=\"8 de 19\"><figure class=\"swiper-slide-inner\"><img class=\"swiper-slide-image swiper-lazy\" data-src=\"https:\/\/www.exitalia.com\/wp-content\/uploads\/2026\/04\/11-1.jpg\" alt=\"11\" \/><div class=\"swiper-lazy-preloader\"><\/div><\/figure><\/div><div class=\"swiper-slide\" role=\"group\" aria-roledescription=\"slide\" aria-label=\"9 de 19\"><figure class=\"swiper-slide-inner\"><img class=\"swiper-slide-image swiper-lazy\" data-src=\"https:\/\/www.exitalia.com\/wp-content\/uploads\/2026\/04\/12-1.jpg\" alt=\"12\" \/><div class=\"swiper-lazy-preloader\"><\/div><\/figure><\/div><div class=\"swiper-slide\" role=\"group\" aria-roledescription=\"slide\" aria-label=\"10 de 19\"><figure class=\"swiper-slide-inner\"><img class=\"swiper-slide-image swiper-lazy\" data-src=\"https:\/\/www.exitalia.com\/wp-content\/uploads\/2026\/04\/10-1.jpg\" alt=\"10\" \/><div class=\"swiper-lazy-preloader\"><\/div><\/figure><\/div><div class=\"swiper-slide\" role=\"group\" aria-roledescription=\"slide\" aria-label=\"11 de 19\"><figure class=\"swiper-slide-inner\"><img class=\"swiper-slide-image swiper-lazy\" data-src=\"https:\/\/www.exitalia.com\/wp-content\/uploads\/2026\/04\/18.jpg\" alt=\"18\" \/><div class=\"swiper-lazy-preloader\"><\/div><\/figure><\/div><div class=\"swiper-slide\" role=\"group\" aria-roledescription=\"slide\" aria-label=\"12 de 19\"><figure class=\"swiper-slide-inner\"><img class=\"swiper-slide-image swiper-lazy\" data-src=\"https:\/\/www.exitalia.com\/wp-content\/uploads\/2026\/04\/14-1.jpg\" alt=\"14\" \/><div class=\"swiper-lazy-preloader\"><\/div><\/figure><\/div><div class=\"swiper-slide\" role=\"group\" aria-roledescription=\"slide\" aria-label=\"13 de 19\"><figure class=\"swiper-slide-inner\"><img class=\"swiper-slide-image swiper-lazy\" data-src=\"https:\/\/www.exitalia.com\/wp-content\/uploads\/2026\/04\/43.jpg\" alt=\"43\" \/><div class=\"swiper-lazy-preloader\"><\/div><\/figure><\/div><div class=\"swiper-slide\" role=\"group\" aria-roledescription=\"slide\" aria-label=\"14 de 19\"><figure class=\"swiper-slide-inner\"><img class=\"swiper-slide-image swiper-lazy\" data-src=\"https:\/\/www.exitalia.com\/wp-content\/uploads\/2026\/03\/CASTELL.jpg\" alt=\"CASTELL\" \/><div class=\"swiper-lazy-preloader\"><\/div><\/figure><\/div><div class=\"swiper-slide\" role=\"group\" aria-roledescription=\"slide\" aria-label=\"15 de 19\"><figure class=\"swiper-slide-inner\"><img class=\"swiper-slide-image swiper-lazy\" data-src=\"https:\/\/www.exitalia.com\/wp-content\/uploads\/2026\/04\/8.jpg\" alt=\"8\" \/><div class=\"swiper-lazy-preloader\"><\/div><\/figure><\/div><div class=\"swiper-slide\" role=\"group\" aria-roledescription=\"slide\" aria-label=\"16 de 19\"><figure class=\"swiper-slide-inner\"><img class=\"swiper-slide-image swiper-lazy\" data-src=\"https:\/\/www.exitalia.com\/wp-content\/uploads\/2026\/04\/6.jpg\" alt=\"6\" \/><div class=\"swiper-lazy-preloader\"><\/div><\/figure><\/div><div class=\"swiper-slide\" role=\"group\" aria-roledescription=\"slide\" aria-label=\"17 de 19\"><figure class=\"swiper-slide-inner\"><img class=\"swiper-slide-image swiper-lazy\" data-src=\"https:\/\/www.exitalia.com\/wp-content\/uploads\/2026\/04\/3-1.jpg\" alt=\"3\" \/><div class=\"swiper-lazy-preloader\"><\/div><\/figure><\/div><div class=\"swiper-slide\" role=\"group\" aria-roledescription=\"slide\" aria-label=\"18 de 19\"><figure class=\"swiper-slide-inner\"><img class=\"swiper-slide-image swiper-lazy\" data-src=\"https:\/\/www.exitalia.com\/wp-content\/uploads\/2026\/04\/16-1.jpg\" alt=\"16\" \/><div class=\"swiper-lazy-preloader\"><\/div><\/figure><\/div><div class=\"swiper-slide\" role=\"group\" aria-roledescription=\"slide\" aria-label=\"19 de 19\"><figure class=\"swiper-slide-inner\"><img class=\"swiper-slide-image swiper-lazy\" data-src=\"https:\/\/www.exitalia.com\/wp-content\/uploads\/2026\/04\/15-1.jpg\" alt=\"15\" \/><div class=\"swiper-lazy-preloader\"><\/div><\/figure><\/div>\t\t\t<\/div>\n\t\t\t\t\t\t\t\n\t\t\t\t\t\t\t\t\t<\/div>\n\t\t\t\t\t\t<\/div>\n\t\t\t\t<\/div>\n\t\t\t\t<\/div>\n\t\t\t\t<\/div>","protected":false},"excerpt":{"rendered":"<p>Nuestros servicios A continuaci\u00f3n, te presentamos nuestros servicios para ayudarte a posicionar tu marca, abrir nuevos mercados y maximizar el impacto de tus acciones comerciales. Consultor\u00eda de gesti\u00f3n integral ISV (antes OCM) Servicio integral de direcci\u00f3n estrat\u00e9gica y gesti\u00f3n t\u00e9cnica del programa ISV. Coordinamos a los 8 stakeholders ( CEO, CFO, Export, administraci\u00f3n, MRK, Importadores, [&hellip;]<\/p>\n","protected":false},"author":1,"featured_media":0,"parent":0,"menu_order":0,"comment_status":"closed","ping_status":"closed","template":"","meta":{"footnotes":""},"class_list":["post-8216","page","type-page","status-publish","hentry"],"_links":{"self":[{"href":"https:\/\/www.exitalia.com\/en\/wp-json\/wp\/v2\/pages\/8216","targetHints":{"allow":["GET"]}}],"collection":[{"href":"https:\/\/www.exitalia.com\/en\/wp-json\/wp\/v2\/pages"}],"about":[{"href":"https:\/\/www.exitalia.com\/en\/wp-json\/wp\/v2\/types\/page"}],"author":[{"embeddable":true,"href":"https:\/\/www.exitalia.com\/en\/wp-json\/wp\/v2\/users\/1"}],"replies":[{"embeddable":true,"href":"https:\/\/www.exitalia.com\/en\/wp-json\/wp\/v2\/comments?post=8216"}],"version-history":[{"count":5,"href":"https:\/\/www.exitalia.com\/en\/wp-json\/wp\/v2\/pages\/8216\/revisions"}],"predecessor-version":[{"id":9770,"href":"https:\/\/www.exitalia.com\/en\/wp-json\/wp\/v2\/pages\/8216\/revisions\/9770"}],"wp:attachment":[{"href":"https:\/\/www.exitalia.com\/en\/wp-json\/wp\/v2\/media?parent=8216"}],"curies":[{"name":"wp","href":"https:\/\/api.w.org\/{rel}","templated":true}]}}